{"id":5,"date":"2022-01-18T22:09:12","date_gmt":"2022-01-18T22:09:12","guid":{"rendered":"https:\/\/themes.muffingroup.com\/be\/business5\/?page_id=5"},"modified":"2024-10-11T22:48:26","modified_gmt":"2024-10-11T22:48:26","slug":"kaffa-cafes","status":"publish","type":"page","link":"https:\/\/kaffacoffee.com\/pt-pt\/","title":{"rendered":"P\u00e1gina Inicial &#8211; Kaffa Caf\u00e9s"},"content":{"rendered":"\n<p>KAFFA CAF\u00c9S, UMA REFER\u00caNCIA  INCONTORN\u00c1VEL NO MERCADO  DAS C\u00c1PSULAS DE CAF\u00c9<br>Tr\u00eas gera\u00e7\u00f5es, a mesma paix\u00e3o pelo caf\u00e9<\/p>\n\n\n\n<p><img loading=\"lazy\" decoding=\"async\" width=\"150\" height=\"148\" class=\"wp-image-1422\" style=\"width: 150px;\" src=\"https:\/\/kaffacoffee.com\/wp-content\/uploads\/2022\/09\/Kaffa-CEO-Oscar-Galvao.webp\" alt=\"Kaffa-CEO-Oscar-Galvao\" srcset=\"https:\/\/kaffacoffee.com\/wp-content\/uploads\/2022\/09\/Kaffa-CEO-Oscar-Galvao.webp 1077w, https:\/\/kaffacoffee.com\/wp-content\/uploads\/2022\/09\/Kaffa-CEO-Oscar-Galvao-300x296.webp 300w, https:\/\/kaffacoffee.com\/wp-content\/uploads\/2022\/09\/Kaffa-CEO-Oscar-Galvao-1024x1009.webp 1024w, https:\/\/kaffacoffee.com\/wp-content\/uploads\/2022\/09\/Kaffa-CEO-Oscar-Galvao-768x757.webp 768w, https:\/\/kaffacoffee.com\/wp-content\/uploads\/2022\/09\/Kaffa-CEO-Oscar-Galvao-148x146.webp 148w, https:\/\/kaffacoffee.com\/wp-content\/uploads\/2022\/09\/Kaffa-CEO-Oscar-Galvao-50x50.webp 50w, https:\/\/kaffacoffee.com\/wp-content\/uploads\/2022\/09\/Kaffa-CEO-Oscar-Galvao-76x75.webp 76w, https:\/\/kaffacoffee.com\/wp-content\/uploads\/2022\/09\/Kaffa-CEO-Oscar-Galvao-85x85.webp 85w, https:\/\/kaffacoffee.com\/wp-content\/uploads\/2022\/09\/Kaffa-CEO-Oscar-Galvao-80x80.webp 80w\" sizes=\"auto, (max-width:767px) 150px, 150px\" \/><br><br>O FUTURO DA KAFFA  DECIDE-SE A CADA INSTANTE  EM CADA DETALHE<br>Na Kaffa Caf\u00e9s, a nossa Vis\u00e3o \u00e9 sustentada na capacidade de adapta\u00e7\u00e3o permanente a novos desafios, numa pol\u00edtica empresarial que desde sempre envolveu fornecedores e colaboradores numa estrat\u00e9gia onde a qualidade \u00e9, acima de tudo, uma Miss\u00e3o. <br>\u00a0<br><br>ESPECIALISTAS  EM CAF\u00c9<br>AS NOSSAS C\u00c1PSULAS<br>INVESTIGA\u00c7\u00c3O E DESENVOLVIMENTO<br>A NOSSA CAPACIDADE INDUSTRIAL<br>produ\u00e7\u00e3o de  c\u00e1psulas anuais 300M<br>\u00e1rea de f\u00e1brica 7000 m2<br>pavilh\u00f5es para zona fabril 2<br>laborat\u00f3rios de controlo de qualidade 2<br>colaboradores  na fam\u00edlia Kaffa 145<br>silos de blends mo\u00eddo 36<br>moinhos 3.465 toneladas\/ano 2<br>linhas de produ\u00e7\u00e3o 14<br>torrador Neotec com capacidade para 2.335 toneladas\/ano<br>tipos de c\u00e1psulas 7<br><br>NA KAFFA CONTRIBUIMOS PARA O SEU SUCESSO<br>FAZEMOS A SUA MARCA<br> Empresa de origem familiar\u00a0apaixonada pelo universo do caf\u00e9,\u00a0a Kaffa transformou-se hoje num dos maiores players mundiais do mercado do caf\u00e9.\u00a0 <br>Somos especialistas em todos os sistemas de c\u00e1psulas de caf\u00e9 do mercado e no desenvolvimento de sistemas fechados exclusivos. Estudamos o mercado do caf\u00e9 verde, torramos e desenvolvemos blends \u00fanicos \u201ctaylor made\u201d, bem como o respetivo encapsulamento e desenvolvimento de packaging para marcas pr\u00f3prias. <br>Um modelo de neg\u00f3cio 360\u00ba inteiramente \u00e0 sua disposi\u00e7\u00e3o. <\/p>\n\n\n\n<p>Saiba mais em: <a href=\"https:\/\/kaffacoffee.com\/private-label\/\">Private Label<\/a><br>\u00a0<br><br>Consulte as nossas Not\u00edcias<\/p>\n\n\n\n<p>Canal de den\u00fancia: <a href=\"https:\/\/whistleblowersoftware.com\/secure\/96d07577-41ed-4a6c-bcd6-fdee61d29450\" target=\"_blank\" rel=\"noreferrer noopener\">https:\/\/whistleblowersoftware.com\/secure\/96d07577-41ed-4a6c-bcd6-fdee61d29450<\/a><\/p>\n\n\n\n<p><br><br><br><\/p>\n","protected":false},"excerpt":{"rendered":"<p>KAFFA CAF\u00c9S, UMA REFER\u00caNCIA INCONTORN\u00c1VEL NO MERCADO DAS C\u00c1PSULAS DE CAF\u00c9Tr\u00eas gera\u00e7\u00f5es, a mesma paix\u00e3o pelo caf\u00e9 O FUTURO DA KAFFA DECIDE-SE A CADA INSTANTE EM<span class=\"excerpt-hellip\"> [\u2026]<\/span><\/p>\n","protected":false},"author":1,"featured_media":0,"parent":0,"menu_order":0,"comment_status":"closed","ping_status":"closed","template":"","meta":{"footnotes":""},"class_list":["post-5","page","type-page","status-publish","hentry"],"_links":{"self":[{"href":"https:\/\/kaffacoffee.com\/pt-pt\/wp-json\/wp\/v2\/pages\/5","targetHints":{"allow":["GET"]}}],"collection":[{"href":"https:\/\/kaffacoffee.com\/pt-pt\/wp-json\/wp\/v2\/pages"}],"about":[{"href":"https:\/\/kaffacoffee.com\/pt-pt\/wp-json\/wp\/v2\/types\/page"}],"author":[{"embeddable":true,"href":"https:\/\/kaffacoffee.com\/pt-pt\/wp-json\/wp\/v2\/users\/1"}],"replies":[{"embeddable":true,"href":"https:\/\/kaffacoffee.com\/pt-pt\/wp-json\/wp\/v2\/comments?post=5"}],"version-history":[{"count":4,"href":"https:\/\/kaffacoffee.com\/pt-pt\/wp-json\/wp\/v2\/pages\/5\/revisions"}],"predecessor-version":[{"id":1958,"href":"https:\/\/kaffacoffee.com\/pt-pt\/wp-json\/wp\/v2\/pages\/5\/revisions\/1958"}],"wp:attachment":[{"href":"https:\/\/kaffacoffee.com\/pt-pt\/wp-json\/wp\/v2\/media?parent=5"}],"curies":[{"name":"wp","href":"https:\/\/api.w.org\/{rel}","templated":true}]}}