{"id":943,"date":"2022-09-14T11:15:59","date_gmt":"2022-09-14T11:15:59","guid":{"rendered":"https:\/\/kaffa.ffw.pt\/?page_id=943"},"modified":"2024-06-11T15:50:09","modified_gmt":"2024-06-11T15:50:09","slug":"solucao-para-empresas","status":"publish","type":"page","link":"https:\/\/kaffacoffee.com\/pt-pt\/solucao-para-empresas\/","title":{"rendered":"As nossas solu\u00e7\u00f5es Empresariais"},"content":{"rendered":"\n<p>KAFFA BUSINESS<br>OS GRANDES NEG\u00d3CIOS COME\u00c7AM COM UM GRANDE CAF\u00c9.<br><br>A SOLU\u00c7\u00c3O COMPLETA PARA A SUA EMPRESA<br><br>COLOCA\u00c7\u00c3O DA M\u00c1QUINA DE CAF\u00c9 KAFFA:<br>\u21e5 M\u00e1quina Pequena<br>\u21e5 Coloca\u00e7\u00e3o Gratuita (em regime de comodato\/empr\u00e9stimo)<br>\u21e5 Manuten\u00e7\u00e3o Inclu\u00edda <br>FORNECIMENTO DE KITS DE CAF\u00c9 KAFFA<br>\u21e5 C\u00e1psulas<br>\u21e5 Copos<br>\u21e5 Saquetas de A\u00e7ucar<br>\u21e5 Paletinas <br>CONCEITO ADEQUADO PARA:<br>\u21e5 Pequenas e M\u00e9dias empresas<br>\u21e5 Salas de Reuni\u00f5es\u21e5 Zonas de Conv\u00edvio<br>\u21e5 Recep\u00e7\u00e3o de Clientes<br>\u21e5 Servi\u00e7o Personalizado e Premium, com qualidade superior garantida pela c\u00e1psula de caf\u00e9<br><br><br><br><br><br><br><\/p>\n","protected":false},"excerpt":{"rendered":"<p>KAFFA BUSINESSOS GRANDES NEG\u00d3CIOS COME\u00c7AM COM UM GRANDE CAF\u00c9. A SOLU\u00c7\u00c3O COMPLETA PARA A SUA EMPRESA COLOCA\u00c7\u00c3O DA M\u00c1QUINA DE CAF\u00c9 KAFFA:\u21e5 M\u00e1quina Pequena\u21e5 Coloca\u00e7\u00e3o Gratuita<span class=\"excerpt-hellip\"> [\u2026]<\/span><\/p>\n","protected":false},"author":1,"featured_media":0,"parent":0,"menu_order":0,"comment_status":"closed","ping_status":"closed","template":"","meta":{"footnotes":""},"class_list":["post-943","page","type-page","status-publish","hentry"],"_links":{"self":[{"href":"https:\/\/kaffacoffee.com\/pt-pt\/wp-json\/wp\/v2\/pages\/943","targetHints":{"allow":["GET"]}}],"collection":[{"href":"https:\/\/kaffacoffee.com\/pt-pt\/wp-json\/wp\/v2\/pages"}],"about":[{"href":"https:\/\/kaffacoffee.com\/pt-pt\/wp-json\/wp\/v2\/types\/page"}],"author":[{"embeddable":true,"href":"https:\/\/kaffacoffee.com\/pt-pt\/wp-json\/wp\/v2\/users\/1"}],"replies":[{"embeddable":true,"href":"https:\/\/kaffacoffee.com\/pt-pt\/wp-json\/wp\/v2\/comments?post=943"}],"version-history":[{"count":6,"href":"https:\/\/kaffacoffee.com\/pt-pt\/wp-json\/wp\/v2\/pages\/943\/revisions"}],"predecessor-version":[{"id":1953,"href":"https:\/\/kaffacoffee.com\/pt-pt\/wp-json\/wp\/v2\/pages\/943\/revisions\/1953"}],"wp:attachment":[{"href":"https:\/\/kaffacoffee.com\/pt-pt\/wp-json\/wp\/v2\/media?parent=943"}],"curies":[{"name":"wp","href":"https:\/\/api.w.org\/{rel}","templated":true}]}}